{"id":10774,"date":"2015-10-28T16:35:30","date_gmt":"2015-10-28T15:35:30","guid":{"rendered":""},"modified":"2021-10-12T20:57:21","modified_gmt":"2021-10-12T18:57:21","slug":"o-nama","status":"publish","type":"page","link":"https:\/\/www.adriadizalice.com.hr\/?page_id=10774","title":{"rendered":"O nama"},"content":{"rendered":"<p><a href=\"http:\/\/adriadizalice.com.hr\/wp-content\/uploads\/2015\/10\/Image00001lsig.jpg\"><img loading=\"lazy\" decoding=\"async\" class=\"alignnone size-full wp-image-13619\" src=\"http:\/\/adriadizalice.com.hr\/wp-content\/uploads\/2015\/10\/Image00001lsig.jpg\" alt=\"Image00001lsig\" width=\"120\" height=\"14\" \/><\/a> \u00a0poduze\u0107e koje se bavi iznajmljivanjem gra\u0111evinskih dizalica, prodajom novih i rabljenih, odr\u017eavanjem kao i montiranjem istih.<\/p>\n<p>Tako\u0111er dobavljamo rezervne dijelove za sve proizvo\u0111a\u010de i njihove modele dizalice.<\/p>\n<p>Originalne i zamjenske!<\/p>\n<p>Posebno smo osposobljeni za odr\u017eavanje i prodaju rezervnih dijelova za talijanske dizalice<\/p>\n<p><span style=\"color: #0000ff;\"><strong><a style=\"color: #0000ff;\" href=\"http:\/\/raimondi.co\/\" target=\"_blank\" rel=\"noopener noreferrer\">RAIMONDI<\/a>, <a style=\"color: #0000ff;\" href=\"http:\/\/www.cattaneogru.it\/english\/company.html\" target=\"_blank\" rel=\"noopener noreferrer\">CATTANEO<\/a>, <a style=\"color: #0000ff;\" href=\"http:\/\/www.benazzatogru.it\/eng\/products.html\" target=\"_blank\" rel=\"noopener noreferrer\">BENAZZATO,<\/a>\u00a0<a style=\"color: #0000ff;\" href=\"http:\/\/www.vicariogru.com\/\" target=\"_blank\" rel=\"noopener noreferrer\">VICARIO<\/a>,\u00a0<a style=\"color: #0000ff;\" href=\"http:\/\/www.sanmarcogru.com\/\" target=\"_blank\" rel=\"noopener noreferrer\">FM GRU, <\/a><a style=\"color: #0000ff;\" href=\"http:\/\/www.sanmarcogru.com\/\" target=\"_blank\" rel=\"noopener noreferrer\">SAN MARCO<\/a> , <a style=\"color: #0000ff;\" href=\"http:\/\/www.fbgru.it\/en\/\" target=\"_blank\" rel=\"noopener noreferrer\">FB GRU,<\/a> <a style=\"color: #0000ff;\" href=\"http:\/\/www.terex.com\/cranes\/en\/products\/towercranes\/index.htm\" target=\"_blank\" rel=\"noopener noreferrer\">TEREX COMEDIL<\/a><\/strong><\/span><\/p>\n<p>Kod prodaje dizalica (bilo novih ili rabljenih) nudimo uslugu \u201eklju\u010d u ruke\u201c, \u0161to zna\u010di da je u svakoj cijeni ura\u010dunata monta\u017ea i atestiranje na prvom gradili\u0161tu.<\/p>\n<p>Naravno i vode\u0107e proizvo\u0111a\u010de kao<span style=\"color: #0000ff;\"> <strong><a style=\"color: #0000ff;\" href=\"https:\/\/www.liebherr.com\/en\/deu\/products\/construction-machines\/tower-cranes\/tower-cranes.html\" target=\"_blank\" rel=\"noopener noreferrer\">LIEBHERR<\/a><\/strong><strong>,<a style=\"color: #0000ff;\" href=\"https:\/\/www.manitowoccranes.com\/en\/cranes\/potain\" target=\"_blank\" rel=\"noopener noreferrer\">\u00a0POTAIN<\/a>, <a style=\"color: #0000ff;\" href=\"http:\/\/www.world-wide-wolff.com\/\" target=\"_blank\" rel=\"noopener noreferrer\">WOLFFKRAN<\/a><\/strong> <\/span>tako\u0111er odra\u017eavamo, dobavljamo rezervne dijelove i prodajemo rabljene uz odre\u0111ene garancije!!<\/p>\n<p>Ako razmi\u0161ljate o nabavci neke od dizalica iz na\u0161eg asortimana, slobodno nas kontaktirajte, rado \u0107emo odgovoriti na va\u0161 upit!<\/p>\n<p><strong>OSNOVNE INFORMACIJE:<\/strong><\/p>\n<p><strong>ADRIA DIZALICE <\/strong>\u00a0dru\u0161tvo s ograni\u010denom odgovorno\u0161\u0107u za gra\u0111enje i usluge<\/p>\n<p><strong>Ulica Jurja \u017derjavi\u0107a 13<br \/>\n<\/strong><\/p>\n<p><strong>10000 Zagreb<\/strong><\/p>\n<p><strong>OIB:\u00a0 \u00a0 79958088473<\/strong><\/p>\n<p><strong>VAT\/IVA: HR79958088473<\/strong><\/p>\n<p><strong>MBS:\u00a0 081188674 <\/strong><\/p>\n<p>Odgovorna osoba: Darko DOLENEC<\/p>\n","protected":false},"excerpt":{"rendered":"<p>\u00a0poduze\u0107e koje se bavi iznajmljivanjem gra\u0111evinskih dizalica, prodajom novih i rabljenih, odr\u017eavanjem kao i montiranjem istih. Tako\u0111er dobavljamo rezervne dijelove za sve proizvo\u0111a\u010de i njihove modele dizalice. Originalne i zamjenske! Posebno smo osposobljeni za odr\u017eavanje i prodaju rezervnih dijelova za talijanske dizalice RAIMONDI, CATTANEO, BENAZZATO,\u00a0VICARIO,\u00a0FM GRU, SAN MARCO , FB GRU, TEREX COMEDIL Kod prodaje [&#8230;]<\/p>\n","protected":false},"author":2,"featured_media":7057,"parent":0,"menu_order":0,"comment_status":"closed","ping_status":"closed","template":"","meta":{"footnotes":""},"class_list":["post-10774","page","type-page","status-publish","has-post-thumbnail","hentry"],"_links":{"self":[{"href":"https:\/\/www.adriadizalice.com.hr\/index.php?rest_route=\/wp\/v2\/pages\/10774","targetHints":{"allow":["GET"]}}],"collection":[{"href":"https:\/\/www.adriadizalice.com.hr\/index.php?rest_route=\/wp\/v2\/pages"}],"about":[{"href":"https:\/\/www.adriadizalice.com.hr\/index.php?rest_route=\/wp\/v2\/types\/page"}],"author":[{"embeddable":true,"href":"https:\/\/www.adriadizalice.com.hr\/index.php?rest_route=\/wp\/v2\/users\/2"}],"replies":[{"embeddable":true,"href":"https:\/\/www.adriadizalice.com.hr\/index.php?rest_route=%2Fwp%2Fv2%2Fcomments&post=10774"}],"version-history":[{"count":7,"href":"https:\/\/www.adriadizalice.com.hr\/index.php?rest_route=\/wp\/v2\/pages\/10774\/revisions"}],"predecessor-version":[{"id":148707,"href":"https:\/\/www.adriadizalice.com.hr\/index.php?rest_route=\/wp\/v2\/pages\/10774\/revisions\/148707"}],"wp:featuredmedia":[{"embeddable":true,"href":"https:\/\/www.adriadizalice.com.hr\/index.php?rest_route=\/wp\/v2\/media\/7057"}],"wp:attachment":[{"href":"https:\/\/www.adriadizalice.com.hr\/index.php?rest_route=%2Fwp%2Fv2%2Fmedia&parent=10774"}],"curies":[{"name":"wp","href":"https:\/\/api.w.org\/{rel}","templated":true}]}}