{"id":409,"date":"2015-03-15T19:19:47","date_gmt":"2015-03-15T19:19:47","guid":{"rendered":"http:\/\/PANA%20MONT%20d.o.o.%20OPIK%20d.o.o.%20TEMING%20d.o.o.\u00a0\u00a0\u00a0www.teming.hr%20PASSAGE-GRADNJA%20d.o.o.%20STIPI\u0106%20GRUPA%20d.o.o.%20ZAGREBGRADNJA%20d.o.o.\u00a0"},"modified":"2020-02-04T21:36:45","modified_gmt":"2020-02-04T20:36:45","slug":"servis","status":"publish","type":"page","link":"https:\/\/www.adriadizalice.com.hr\/?page_id=409","title":{"rendered":"Reference"},"content":{"rendered":"<ul>\n<li>PANA MONT d.o.o.<\/li>\n<li>OPIK d.o.o.<\/li>\n<li>TEMING d.o.o.\u00a0\u00a0\u00a0<a href=\"http:\/\/www.teming.hr\/\">www.teming.hr<\/a><\/li>\n<li>PASSAGE-GRADNJA d.o.o.<\/li>\n<li>STIPI\u0106 GRUPA d.o.o.<\/li>\n<li>ZAGREBGRADNJA d.o.o.\u00a0 <a href=\"http:\/\/www.geoprojekt-zg.hr\/\" target=\"_blank\" rel=\"noopener noreferrer\">www.geoprojekt-zg.hr<\/a><\/li>\n<li>MG-USLUGA d.o.o.<\/li>\n<li>MEGRAD d.o.o.\u00a0\u00a0\u00a0 <a href=\"http:\/\/www.megrad.hr\/\" target=\"_blank\" rel=\"noopener noreferrer\">www.megrad.hr<\/a><\/li>\n<li>ANDREI\u0106 d.o.o.<\/li>\n<li>TEHNIKA d.d.\u00a0\u00a0 <a href=\"http:\/\/www.tehnika.hr\/\" target=\"_blank\" rel=\"noopener noreferrer\">www.tehnika.hr<\/a><\/li>\n<li>M-GRADNJA d.o.o.<\/li>\n<li>DINARIK d.o.o.<\/li>\n<li>PARSIFAL d.o.o.<\/li>\n<li>GP KRK d.d.\u00a0 <a href=\"http:\/\/www.gp-krk.hr\/\" target=\"_blank\" rel=\"noopener noreferrer\">www.gp-krk.hr<\/a><\/li>\n<li>TEAM d.d.\u00a0\u00a0 <a href=\"http:\/\/www.team.hr\/\" target=\"_blank\" rel=\"noopener noreferrer\">www.team.hr<\/a><\/li>\n<li>EMMAT d.o.o.<\/li>\n<li>DOM GRADITELJ d.o.o.<\/li>\n<li>HIDROIN\u017dENIRING d.o.o.\u00a0 \u00a0<a href=\"http:\/\/www.hidroinzeniring.si\/\" target=\"_blank\" rel=\"noopener noreferrer\">www.hidroinzeniring.si<\/a><\/li>\n<li>\u010cAVARU\u0160I\u0106 d.o.o.<\/li>\n<li>KLOBU\u010cAR d.o.o.<\/li>\n<li>TRANSCEDENT d.o.o.<\/li>\n<li>JELA\u010cI\u0106 d.o.o.<\/li>\n<li>JARUN GRA\u0110ENJE d.o.o.<\/li>\n<li>MAESTRAL-GP d.o.o.<\/li>\n<li>M-P-BETON d.o.o. <a href=\"http:\/\/www.m-p-beton.hr\/\" target=\"_blank\" rel=\"noopener noreferrer\">www.m-p-beton.hr<\/a><\/li>\n<li>G.O. IVAN\u010cI\u0106<\/li>\n<li>DYACO d.o.o.<\/li>\n<li>PROJEKTGRADNJA d.d.\u00a0 <a href=\"http:\/\/www.projektgradnja.hr\/\" target=\"_blank\" rel=\"noopener noreferrer\">www.projektgradnja.hr<\/a><\/li>\n<li>NA\u0160I\u010cKA GRADNJA d.o.o.\u00a0 <a href=\"http:\/\/www.nexe.hr\/\" target=\"_blank\" rel=\"noopener noreferrer\">www.nexe.hr<\/a><\/li>\n<li>MUCI\u0106 &amp; CO d.o.o.\u00a0 <a href=\"http:\/\/www.mucic.hr\/\" target=\"_blank\" rel=\"noopener noreferrer\">www.mucic.hr<\/a><\/li>\n<li>STAGRA d.o.o.<\/li>\n<li>OB\u0160IVA\u010c d.o.o. <a href=\"http:\/\/www.obsivac.hr\/\" target=\"_blank\" rel=\"noopener noreferrer\">www.obsivac.hr<\/a><\/li>\n<li>BILAND\u017dI\u0106 d.o.o. <a href=\"http:\/\/www.bilandzic.com\/\" target=\"_blank\" rel=\"noopener noreferrer\">www.bilandzic.com<\/a><\/li>\n<li>LIOR-MONTA\u017dA d.o.o. <a href=\"http:\/\/www.lior-montaza.hr\/\" target=\"_blank\" rel=\"noopener noreferrer\">www.lior-montaza.hr<\/a><\/li>\n<li>MONTMONTA\u017dA D.D.\u00a0 <a href=\"http:\/\/www.montmontaza.hr\/\" target=\"_blank\" rel=\"noopener noreferrer\">www.montmontaza.hr<\/a><\/li>\n<li>EL- IZ d.o.o.<\/li>\n<li>TEM-95 d.o.o.<\/li>\n<li>G.O. \u010cERIN<\/li>\n<li>B.B. Gradnja\u00a0 <a href=\"http:\/\/bb-gradnja.hr\/\">www.bb-gradnja.hr<\/a><\/li>\n<li>Mal &#8211; Gal Gra\u0111evinarstvo\u00a0\u00a0<a href=\"http:\/\/www.mal-gal.hr\/\">www.mal-gal.hr<\/a><\/li>\n<li>Nika\u010devi\u0107 d.o.o.\u00a0 <a href=\"http:\/\/nikacevic.hr\/\">www.nikacevic.hr<\/a><\/li>\n<li>Volko d.o.o.<\/li>\n<li>Bari\u0107 gradnja d.o.o.<\/li>\n<li>Bosman d.o.o.\u00a0 <a href=\"http:\/\/www.bosman.ba\/\">www.bosman.ba<\/a><\/li>\n<li>Herc Gradnja d.o.o. <a href=\"http:\/\/www.hercgradnja.com\/\">www.hercgradnja.com<\/a><\/li>\n<li>Granit izgradnja d.o.o.<\/li>\n<li>AB Gradnja d.o.o.\u00a0 \u00a0 <a href=\"https:\/\/www.ab-gradnja.hr\/\">www.ab-gradnja.hr<\/a><\/li>\n<li>Team gra\u0111enje d.o.o.\u00a0 <a href=\"https:\/\/teamgradjenje.hr\/\">www.teamgradjenje.hr<\/a><\/li>\n<li>IGM d.o.o.\u00a0 <a href=\"_wp_link_placeholder\" data-wplink-edit=\"true\">\u00a0www.igm.ba<\/a><\/li>\n<\/ul>\n","protected":false},"excerpt":{"rendered":"<p>PANA MONT d.o.o. OPIK d.o.o. TEMING d.o.o.\u00a0\u00a0\u00a0www.teming.hr PASSAGE-GRADNJA d.o.o. STIPI\u0106 GRUPA d.o.o. ZAGREBGRADNJA d.o.o.\u00a0 www.geoprojekt-zg.hr MG-USLUGA d.o.o. MEGRAD d.o.o.\u00a0\u00a0\u00a0 www.megrad.hr ANDREI\u0106 d.o.o. TEHNIKA d.d.\u00a0\u00a0 www.tehnika.hr M-GRADNJA d.o.o. DINARIK d.o.o. PARSIFAL d.o.o. GP KRK d.d.\u00a0 www.gp-krk.hr TEAM d.d.\u00a0\u00a0 www.team.hr EMMAT d.o.o. DOM GRADITELJ d.o.o. HIDROIN\u017dENIRING d.o.o.\u00a0 \u00a0www.hidroinzeniring.si \u010cAVARU\u0160I\u0106 d.o.o. KLOBU\u010cAR d.o.o. TRANSCEDENT d.o.o. JELA\u010cI\u0106 d.o.o. JARUN [&#8230;]<\/p>\n","protected":false},"author":2,"featured_media":0,"parent":0,"menu_order":0,"comment_status":"open","ping_status":"open","template":"","meta":{"footnotes":""},"class_list":["post-409","page","type-page","status-publish","hentry"],"_links":{"self":[{"href":"https:\/\/www.adriadizalice.com.hr\/index.php?rest_route=\/wp\/v2\/pages\/409","targetHints":{"allow":["GET"]}}],"collection":[{"href":"https:\/\/www.adriadizalice.com.hr\/index.php?rest_route=\/wp\/v2\/pages"}],"about":[{"href":"https:\/\/www.adriadizalice.com.hr\/index.php?rest_route=\/wp\/v2\/types\/page"}],"author":[{"embeddable":true,"href":"https:\/\/www.adriadizalice.com.hr\/index.php?rest_route=\/wp\/v2\/users\/2"}],"replies":[{"embeddable":true,"href":"https:\/\/www.adriadizalice.com.hr\/index.php?rest_route=%2Fwp%2Fv2%2Fcomments&post=409"}],"version-history":[{"count":4,"href":"https:\/\/www.adriadizalice.com.hr\/index.php?rest_route=\/wp\/v2\/pages\/409\/revisions"}],"predecessor-version":[{"id":148636,"href":"https:\/\/www.adriadizalice.com.hr\/index.php?rest_route=\/wp\/v2\/pages\/409\/revisions\/148636"}],"wp:attachment":[{"href":"https:\/\/www.adriadizalice.com.hr\/index.php?rest_route=%2Fwp%2Fv2%2Fmedia&parent=409"}],"curies":[{"name":"wp","href":"https:\/\/api.w.org\/{rel}","templated":true}]}}